{"id":4464,"date":"2023-08-01T13:29:11","date_gmt":"2023-08-01T11:29:11","guid":{"rendered":"https:\/\/rosasolapsicologia.com\/terapia-psicologica-2\/"},"modified":"2023-11-18T14:24:34","modified_gmt":"2023-11-18T12:24:34","slug":"psicoterapia-online-menorca","status":"publish","type":"page","link":"https:\/\/rosasolapsicologia.com\/ca\/psicoterapia-online-menorca\/","title":{"rendered":"Psicoterapia online"},"content":{"rendered":"<div id='av_section_1'  class='avia-section av-tiqno-6f0ce9d6ace089484b35026d936d18cb main_color avia-section-default avia-no-border-styling  avia-builder-el-0  el_before_av_section  avia-builder-el-first  avia-bg-style-scroll container_wrap fullsize'  ><div class='container av-section-cont-open' ><main  role=\"main\" itemprop=\"mainContentOfPage\"  class='template-page content  av-content-full alpha units'><div class='post-entry post-entry-type-page post-entry-4464'><div class='entry-content-wrapper clearfix'>\n<div  class='flex_column av-l5tgil11-f3b80b9cb470d0dbddf65fda0d13a944 av_one_full  avia-builder-el-1  el_before_av_hr  avia-builder-el-first  first flex_column_div av-animated-generic bottom-to-top  '     ><style type=\"text\/css\" data-created_by=\"avia_inline_auto\" id=\"style-css-av-l5w8zs4p-42836dae9eb0a3b9d5fa998a4f28779d\">\n#top .av-special-heading.av-l5w8zs4p-42836dae9eb0a3b9d5fa998a4f28779d{\npadding-bottom:10px;\n}\nbody .av-special-heading.av-l5w8zs4p-42836dae9eb0a3b9d5fa998a4f28779d .av-special-heading-tag .heading-char{\nfont-size:25px;\n}\n.av-special-heading.av-l5w8zs4p-42836dae9eb0a3b9d5fa998a4f28779d .av-subheading{\nfont-size:15px;\n}\n<\/style>\n<div  class='av-special-heading av-l5w8zs4p-42836dae9eb0a3b9d5fa998a4f28779d av-special-heading-h1  avia-builder-el-2  avia-builder-el-no-sibling '><h1 class='av-special-heading-tag'  itemprop=\"headline\"  >Psicoterapia online<\/h1><div class=\"special-heading-border\"><div class=\"special-heading-inner-border\"><\/div><\/div><\/div><\/div>\n<style type=\"text\/css\" data-created_by=\"avia_inline_auto\" id=\"style-css-av-158qk-c70258048dae957d3c1c39310df4ed0a\">\n#top .hr.hr-invisible.av-158qk-c70258048dae957d3c1c39310df4ed0a{\nheight:40px;\n}\n<\/style>\n<div  class='hr av-158qk-c70258048dae957d3c1c39310df4ed0a hr-invisible  avia-builder-el-3  el_after_av_one_full  el_before_av_one_full '><span class='hr-inner '><span class=\"hr-inner-style\"><\/span><\/span><\/div>\n<div  class='flex_column av-l5tgj63j-24efca9ffa5a232add22cbb2323aae79 av_one_full  avia-builder-el-4  el_after_av_hr  el_before_av_hr  first flex_column_div av-animated-generic left-to-right  '     ><section  class='av_textblock_section av-l5ryxwa0-3c84c6bb1564076e0d2f1b96b812f429 '   itemscope=\"itemscope\" itemtype=\"https:\/\/schema.org\/CreativeWork\" ><div class='avia_textblock'  itemprop=\"text\" ><h2>Una terapia igual de eficaz que la terapia presencial.<\/h2>\n<\/div><\/section><\/div>\n<style type=\"text\/css\" data-created_by=\"avia_inline_auto\" id=\"style-css-av-l5jtnpu9-d27822c6a7ec08bd2688ac4bd4c61d23\">\n#top .hr.hr-invisible.av-l5jtnpu9-d27822c6a7ec08bd2688ac4bd4c61d23{\nheight:40px;\n}\n<\/style>\n<div  class='hr av-l5jtnpu9-d27822c6a7ec08bd2688ac4bd4c61d23 hr-invisible  avia-builder-el-6  el_after_av_one_full  el_before_av_three_fifth '><span class='hr-inner '><span class=\"hr-inner-style\"><\/span><\/span><\/div>\n<div  class='flex_column av-1woe4-9fc3ef47e1e0def01818bc203126420b av_three_fifth  avia-builder-el-7  el_after_av_hr  el_before_av_two_fifth  first flex_column_div av-animated-generic left-to-right  '     ><section  class='av_textblock_section av-l5jtap4x-0d7796d974392540acc7fe8ec16676c4 '   itemscope=\"itemscope\" itemtype=\"https:\/\/schema.org\/CreativeWork\" ><div class='avia_textblock'  itemprop=\"text\" ><p>La<strong> psicoterapia online<\/strong> rompe las barreras geogr\u00e1ficas y te permite acceder a sesiones terap\u00e9uticas sin importar tu ubicaci\u00f3n. Ya sea que vivas en una ciudad remota, viajes con frecuencia o tengas dificultades para desplazarte, la terapia online te brinda la oportunidad de recibir apoyo profesional desde cualquier lugar con conexi\u00f3n a Internet.<\/p>\n<p>Ahora, la distancia ya no es un obst\u00e1culo para buscar ayuda psicol\u00f3gica.<\/p>\n<\/div><\/section><\/div><div  class='flex_column av-dj8ak-622f190102d9ce5576f834bbc177fba9 av_two_fifth  avia-builder-el-9  el_after_av_three_fifth  avia-builder-el-last  flex_column_div av-animated-generic right-to-left  '     ><style type=\"text\/css\" data-created_by=\"avia_inline_auto\" id=\"style-css-av-z424-db790866629f98451ed0f60465f6e7dd\">\n.avia-image-container.av-z424-db790866629f98451ed0f60465f6e7dd img.avia_image{\nbox-shadow:none;\n}\n.avia-image-container.av-z424-db790866629f98451ed0f60465f6e7dd .av-image-caption-overlay-center{\ncolor:#ffffff;\n}\n<\/style>\n<div  class='avia-image-container av-z424-db790866629f98451ed0f60465f6e7dd av-styling- avia-align-left  avia-builder-el-10  avia-builder-el-no-sibling '   itemprop=\"image\" itemscope=\"itemscope\" itemtype=\"https:\/\/schema.org\/ImageObject\" ><div class=\"avia-image-container-inner\"><div class=\"avia-image-overlay-wrap\"><img decoding=\"async\" fetchpriority=\"high\" class='wp-image-4456 avia-img-lazy-loading-not-4456 avia_image ' src=\"https:\/\/rosasolapsicologia.com\/wp-content\/uploads\/2023\/08\/terapia-online-scaled.jpg\" alt='' title='terapia online'  height=\"2560\" width=\"1707\"  itemprop=\"thumbnailUrl\" srcset=\"https:\/\/rosasolapsicologia.com\/wp-content\/uploads\/2023\/08\/terapia-online-scaled.jpg 1707w, https:\/\/rosasolapsicologia.com\/wp-content\/uploads\/2023\/08\/terapia-online-200x300.jpg 200w, https:\/\/rosasolapsicologia.com\/wp-content\/uploads\/2023\/08\/terapia-online-687x1030.jpg 687w, https:\/\/rosasolapsicologia.com\/wp-content\/uploads\/2023\/08\/terapia-online-768x1152.jpg 768w, https:\/\/rosasolapsicologia.com\/wp-content\/uploads\/2023\/08\/terapia-online-1024x1536.jpg 1024w, https:\/\/rosasolapsicologia.com\/wp-content\/uploads\/2023\/08\/terapia-online-1365x2048.jpg 1365w, https:\/\/rosasolapsicologia.com\/wp-content\/uploads\/2023\/08\/terapia-online-1000x1500.jpg 1000w, https:\/\/rosasolapsicologia.com\/wp-content\/uploads\/2023\/08\/terapia-online-470x705.jpg 470w\" sizes=\"(max-width: 1707px) 100vw, 1707px\" \/><\/div><\/div><\/div><\/div>\n\n<\/div><\/div><\/main><!-- close content main element --><\/div><\/div><div id='av_section_2'  class='avia-section av-l5jtqutn-65674855c76a8b484948027be8c37ba2 alternate_color avia-section-default avia-no-border-styling  avia-builder-el-11  el_after_av_section  el_before_av_section  avia-bg-style-scroll container_wrap fullsize'  ><div class='container av-section-cont-open' ><div class='template-page content  av-content-full alpha units'><div class='post-entry post-entry-type-page post-entry-4464'><div class='entry-content-wrapper clearfix'>\n<div  class='flex_column av-l5tgko32-6c0a032be5a7ada38fe2223b6182fb76 av_one_full  avia-builder-el-12  el_before_av_one_fifth  avia-builder-el-first  first flex_column_div av-animated-generic bottom-to-top  '     ><section  class='av_textblock_section av-l5jtsxo7-f0fe413bf976cec82f4615daff45a256 '   itemscope=\"itemscope\" itemtype=\"https:\/\/schema.org\/CreativeWork\" ><div class='avia_textblock'  itemprop=\"text\" ><p style=\"text-align: center;\">La <strong>terapia online<\/strong> te puede convenir en situaciones tan dispares como :<\/p>\n<\/div><\/section><\/div><div  class='flex_column av-6ztr8-03da5492ebb5a7fb8f1e0fcdf47b7528 av_one_fifth  avia-builder-el-14  el_after_av_one_full  el_before_av_three_fifth  first flex_column_div  column-top-margin'     ><\/div><div  class='flex_column av-fir50-e3b5c1fd01d7c0176ace34f3002763ba av_three_fifth  avia-builder-el-15  el_after_av_one_fifth  el_before_av_one_fifth  flex_column_div av-animated-generic bottom-to-top  column-top-margin'     ><div  class='avia-icon-list-container av-l5ju4qb9-fc766c1ae6728275de3c835972eff1e4  avia-builder-el-16  avia-builder-el-no-sibling '><ul class='avia-icon-list avia_animate_when_almost_visible avia-icon-list-left av-iconlist-big av-l5ju4qb9-fc766c1ae6728275de3c835972eff1e4 avia-iconlist-animate'>\n<li><div class='iconlist_icon av-l5ju36f6-ae2334664c38f579d2eefb995b6f854d avia-font-entypo-fontello'><span class='iconlist-char' aria-hidden='true' data-av_icon='\ue812' data-av_iconfont='entypo-fontello'><\/span><\/div><article class=\"article-icon-entry \"  itemscope=\"itemscope\" itemtype=\"https:\/\/schema.org\/CreativeWork\" ><div class=\"iconlist_content_wrap\"><header class=\"entry-content-header\"><h4 class='av_iconlist_title iconlist_title  '  itemprop=\"headline\" >Movilidad:<\/h4><\/header><div class='iconlist_content '  itemprop=\"text\" ><p>Tienes dificultades para acceder a nuestra consulta en Ma\u00f3, ya sea por lejan\u00eda o por tener alguna dificultad de movilidad.<\/p>\n<\/div><\/div><footer class=\"entry-footer\"><\/footer><\/article><div class=\"iconlist-timeline\"><\/div><\/li>\n<li><div class='iconlist_icon av-l5ju0cyc-05101135ac35e746a8b76f659997c7a7 avia-font-entypo-fontello'><span class='iconlist-char' aria-hidden='true' data-av_icon='\ue812' data-av_iconfont='entypo-fontello'><\/span><\/div><article class=\"article-icon-entry \"  itemscope=\"itemscope\" itemtype=\"https:\/\/schema.org\/CreativeWork\" ><div class=\"iconlist_content_wrap\"><header class=\"entry-content-header\"><h4 class='av_iconlist_title iconlist_title  '  itemprop=\"headline\" >Conciliaci\u00f3n:<\/h4><\/header><div class='iconlist_content '  itemprop=\"text\" ><p>Cuidas de alguien en casa y no puedes dejarlos solos (ni\u00f1os, personas mayores)<\/p>\n<\/div><\/div><footer class=\"entry-footer\"><\/footer><\/article><div class=\"iconlist-timeline\"><\/div><\/li>\n<li><div class='iconlist_icon av-l5ju13ib-4387adcf414c443af0e9d44bc97d4bbf avia-font-entypo-fontello'><span class='iconlist-char' aria-hidden='true' data-av_icon='\ue812' data-av_iconfont='entypo-fontello'><\/span><\/div><article class=\"article-icon-entry \"  itemscope=\"itemscope\" itemtype=\"https:\/\/schema.org\/CreativeWork\" ><div class=\"iconlist_content_wrap\"><header class=\"entry-content-header\"><h4 class='av_iconlist_title iconlist_title  '  itemprop=\"headline\" >Tiempo:<\/h4><\/header><div class='iconlist_content '  itemprop=\"text\" ><p>No dispones de mucho tiempo o bien viajas frecuentemente y es te impide la continuidad de un tratamiento.<\/p>\n<\/div><\/div><footer class=\"entry-footer\"><\/footer><\/article><div class=\"iconlist-timeline\"><\/div><\/li>\n<li><div class='iconlist_icon av-l5ju1siv-4bfa7f682e7335dc980d9be8712cd4f2 avia-font-entypo-fontello'><span class='iconlist-char' aria-hidden='true' data-av_icon='\ue812' data-av_iconfont='entypo-fontello'><\/span><\/div><article class=\"article-icon-entry \"  itemscope=\"itemscope\" itemtype=\"https:\/\/schema.org\/CreativeWork\" ><div class=\"iconlist_content_wrap\"><header class=\"entry-content-header\"><h4 class='av_iconlist_title iconlist_title  '  itemprop=\"headline\" >Especializaci\u00f3n:<\/h4><\/header><div class='iconlist_content '  itemprop=\"text\" ><p>Deseas acceder a un servicio psicol\u00f3gico innovador de calidad que no se encuentra en tu ciudad. Con la terapia on line puedes acceder a una especialista o servicio sin tener en cuenta el lugar donde \u00e9sta se encuentre.<\/p>\n<\/div><\/div><footer class=\"entry-footer\"><\/footer><\/article><div class=\"iconlist-timeline\"><\/div><\/li>\n<li><div class='iconlist_icon av-l5ju2f6i-ee5f4a0097f3766fb9bdd6d1cabc6ba8 avia-font-entypo-fontello'><span class='iconlist-char' aria-hidden='true' data-av_icon='\ue812' data-av_iconfont='entypo-fontello'><\/span><\/div><article class=\"article-icon-entry \"  itemscope=\"itemscope\" itemtype=\"https:\/\/schema.org\/CreativeWork\" ><div class=\"iconlist_content_wrap\"><header class=\"entry-content-header\"><h4 class='av_iconlist_title iconlist_title  '  itemprop=\"headline\" >Anonimato:<\/h4><\/header><div class='iconlist_content '  itemprop=\"text\" ><p>Tambi\u00e9n es probable que prefieras realizar terapia con un psic\u00f3logo online que no tenga ninguna conexi\u00f3n con el entorno donde vives o trabajas.<\/p>\n<\/div><\/div><footer class=\"entry-footer\"><\/footer><\/article><div class=\"iconlist-timeline\"><\/div><\/li>\n<\/ul><\/div><\/div><div  class='flex_column av-83ggc-ffc0de8bf86475ac369a1f6c08e758af av_one_fifth  avia-builder-el-17  el_after_av_three_fifth  avia-builder-el-last  flex_column_div  column-top-margin'     ><\/div><\/div><\/div><\/div><!-- close content main div --><\/div><\/div><div id='av_section_3'  class='avia-section av-91gwzq-5188b457ea05002697f1690344afec4a alternate_color avia-section-default avia-no-border-styling  avia-builder-el-18  el_after_av_section  avia-builder-el-last  avia-bg-style-scroll container_wrap fullsize'  ><div class='container av-section-cont-open' ><div class='template-page content  av-content-full alpha units'><div class='post-entry post-entry-type-page post-entry-4464'><div class='entry-content-wrapper clearfix'>\n<div  class='flex_column av-75ds92-69566571ab1b4bf3e2ad43f7d49c14b7 av_one_full  avia-builder-el-19  el_before_av_one_fifth  avia-builder-el-first  first flex_column_div av-animated-generic bottom-to-top  '     ><section  class='av_textblock_section av-lks81t25-c9aa5ab7add0e6d952a254b17c39e13c '   itemscope=\"itemscope\" itemtype=\"https:\/\/schema.org\/CreativeWork\" ><div class='avia_textblock'  itemprop=\"text\" ><p style=\"text-align: center;\"><strong>Que tengo que tener en cuenta para preparar una sesi\u00f3n online?<\/strong><\/p>\n<\/div><\/section><\/div><div  class='flex_column av-5vverq-db80d5ed71258e6b51e64cc323c5be5b av_one_fifth  avia-builder-el-21  el_after_av_one_full  el_before_av_three_fifth  first flex_column_div  column-top-margin'     ><\/div><div  class='flex_column av-4g6k12-3abe385ca68d0cee6910eb49d38f9034 av_three_fifth  avia-builder-el-22  el_after_av_one_fifth  el_before_av_one_fifth  flex_column_div av-animated-generic bottom-to-top  column-top-margin'     ><div  class='avia-icon-list-container av-lks88bar-dd3e0eef31f3e1bd0d6702614c9e7920  avia-builder-el-23  avia-builder-el-no-sibling '><ul class='avia-icon-list avia_animate_when_almost_visible avia-icon-list-left av-iconlist-big av-lks88bar-dd3e0eef31f3e1bd0d6702614c9e7920 avia-iconlist-animate'>\n<li><div class='iconlist_icon av-lks82q0p-f5055a7fb7bad976a8ea90af0a5f0640 avia-font-entypo-fontello'><span class='iconlist-char' aria-hidden='true' data-av_icon='\ue812' data-av_iconfont='entypo-fontello'><\/span><\/div><article class=\"article-icon-entry \"  itemscope=\"itemscope\" itemtype=\"https:\/\/schema.org\/CreativeWork\" ><div class=\"iconlist_content_wrap\"><header class=\"entry-content-header\"><\/header><div class='iconlist_content '  itemprop=\"text\" ><p><strong>Disponer de un dispositivo<\/strong> con c\u00e1mara: ordenador , tablet o m\u00f3vil<\/p>\n<\/div><\/div><footer class=\"entry-footer\"><\/footer><\/article><div class=\"iconlist-timeline\"><\/div><\/li>\n<li><div class='iconlist_icon av-lks83dnt-b1dace95be5a74e87aed416b053b2103 avia-font-entypo-fontello'><span class='iconlist-char' aria-hidden='true' data-av_icon='\ue812' data-av_iconfont='entypo-fontello'><\/span><\/div><article class=\"article-icon-entry \"  itemscope=\"itemscope\" itemtype=\"https:\/\/schema.org\/CreativeWork\" ><div class=\"iconlist_content_wrap\"><header class=\"entry-content-header\"><\/header><div class='iconlist_content '  itemprop=\"text\" ><p>Empezar a <strong>preparar la sesi\u00f3n on line 10 minutos antes<\/strong> de la cita.<\/p>\n<\/div><\/div><footer class=\"entry-footer\"><\/footer><\/article><div class=\"iconlist-timeline\"><\/div><\/li>\n<li><div class='iconlist_icon av-lks84jx9-3a0e29f08bb5aaadda871aad4f4d64f7 avia-font-entypo-fontello'><span class='iconlist-char' aria-hidden='true' data-av_icon='\ue812' data-av_iconfont='entypo-fontello'><\/span><\/div><article class=\"article-icon-entry \"  itemscope=\"itemscope\" itemtype=\"https:\/\/schema.org\/CreativeWork\" ><div class=\"iconlist_content_wrap\"><header class=\"entry-content-header\"><\/header><div class='iconlist_content '  itemprop=\"text\" ><p><strong>Asegurar una conexi\u00f3n estable:<\/strong> tendr\u00e1s que verificar la conexi\u00f3n a Internet antes de la sesi\u00f3n. Es recomendable utilizar una conexi\u00f3n por cable en lugar de Wi-Fi, si es posible, para evitar interrupciones en la se\u00f1al.<\/p>\n<\/div><\/div><footer class=\"entry-footer\"><\/footer><\/article><div class=\"iconlist-timeline\"><\/div><\/li>\n<li><div class='iconlist_icon av-lks851ot-de703bb4c1583c04c12bffb24d0206bb avia-font-entypo-fontello'><span class='iconlist-char' aria-hidden='true' data-av_icon='\ue812' data-av_iconfont='entypo-fontello'><\/span><\/div><article class=\"article-icon-entry \"  itemscope=\"itemscope\" itemtype=\"https:\/\/schema.org\/CreativeWork\" ><div class=\"iconlist_content_wrap\"><header class=\"entry-content-header\"><\/header><div class='iconlist_content '  itemprop=\"text\" ><p><strong>Probar la tecnolog\u00eda:<\/strong> para ir mas tranquilos, tendr\u00e0s que probar la plataforma de videoconferencia antes de la sesi\u00f3n para poder familiarizaros con la interfaz y poder resolver cualquier problema t\u00e9cnico previamente.<\/p>\n<\/div><\/div><footer class=\"entry-footer\"><\/footer><\/article><div class=\"iconlist-timeline\"><\/div><\/li>\n<li><div class='iconlist_icon av-lks85nxq-31b3a19f7a2bd27d7da1d0fba0b44c5e avia-font-entypo-fontello'><span class='iconlist-char' aria-hidden='true' data-av_icon='\ue812' data-av_iconfont='entypo-fontello'><\/span><\/div><article class=\"article-icon-entry \"  itemscope=\"itemscope\" itemtype=\"https:\/\/schema.org\/CreativeWork\" ><div class=\"iconlist_content_wrap\"><header class=\"entry-content-header\"><\/header><div class='iconlist_content '  itemprop=\"text\" ><p><strong>Ambiente tranquilo y privado<\/strong>: deber\u00e1s buscar un lugar tranquilo y privado para la sesi\u00f3n, donde te sientas c\u00f3moda y no seas interrumpida. Esto ayudar\u00e1 a mantener la confidencialidad y la concentraci\u00f3n durante la terapia.<\/p>\n<\/div><\/div><footer class=\"entry-footer\"><\/footer><\/article><div class=\"iconlist-timeline\"><\/div><\/li>\n<li><div class='iconlist_icon av-lks86dep-4b2add1507e711b10d7aa7e8a4a049fc avia-font-entypo-fontello'><span class='iconlist-char' aria-hidden='true' data-av_icon='\ue812' data-av_iconfont='entypo-fontello'><\/span><\/div><article class=\"article-icon-entry \"  itemscope=\"itemscope\" itemtype=\"https:\/\/schema.org\/CreativeWork\" ><div class=\"iconlist_content_wrap\"><header class=\"entry-content-header\"><\/header><div class='iconlist_content '  itemprop=\"text\" ><p><strong>Eliminar distracciones:<\/strong> Deber\u00e1s apagar o silenciar los dispositivos electr\u00f3nicos y notificaciones que puedan interrumpir la sesi\u00f3n. Tambi\u00e9n puedes cerrar pesta\u00f1as o programas de tu dispositivo para evitar distracciones durante la terapia.<\/p>\n<\/div><\/div><footer class=\"entry-footer\"><\/footer><\/article><div class=\"iconlist-timeline\"><\/div><\/li>\n<li><div class='iconlist_icon av-lks870i5-b63fa72692e4abb619df0f994e8d88e1 avia-font-entypo-fontello'><span class='iconlist-char' aria-hidden='true' data-av_icon='\ue812' data-av_iconfont='entypo-fontello'><\/span><\/div><article class=\"article-icon-entry \"  itemscope=\"itemscope\" itemtype=\"https:\/\/schema.org\/CreativeWork\" ><div class=\"iconlist_content_wrap\"><header class=\"entry-content-header\"><\/header><div class='iconlist_content '  itemprop=\"text\" ><p><strong>Preparar materiales:<\/strong> Prepara y ten a mano cualquier material relevante que puedas necesitar durante la sesi\u00f3n, como cuadernos de notas, l\u00e1pices o cualquier otra herramienta terap\u00e9utica que utilicemos peri\u00f3dicamente.<\/p>\n<\/div><\/div><footer class=\"entry-footer\"><\/footer><\/article><div class=\"iconlist-timeline\"><\/div><\/li>\n<li><div class='iconlist_icon av-lks87pns-073d2fdc06c672a79dc1d02befa93606 avia-font-entypo-fontello'><span class='iconlist-char' aria-hidden='true' data-av_icon='\ue812' data-av_iconfont='entypo-fontello'><\/span><\/div><article class=\"article-icon-entry \"  itemscope=\"itemscope\" itemtype=\"https:\/\/schema.org\/CreativeWork\" ><div class=\"iconlist_content_wrap\"><header class=\"entry-content-header\"><\/header><div class='iconlist_content '  itemprop=\"text\" ><p><strong>Establecer l\u00edmites de tiempo:<\/strong> se respetar\u00e1 el tiempo programado para la sesi\u00f3n y es mejor evitar programar actividades inmediatamente antes o despu\u00e9s de la terapia para no sentirse apresuradas o estresadas.<\/p>\n<\/div><\/div><footer class=\"entry-footer\"><\/footer><\/article><div class=\"iconlist-timeline\"><\/div><\/li>\n<li><div class='iconlist_icon av-lks889nr-79fe1da0fa480d17c80a0b5c102d1721 avia-font-entypo-fontello'><span class='iconlist-char' aria-hidden='true' data-av_icon='\ue812' data-av_iconfont='entypo-fontello'><\/span><\/div><article class=\"article-icon-entry \"  itemscope=\"itemscope\" itemtype=\"https:\/\/schema.org\/CreativeWork\" ><div class=\"iconlist_content_wrap\"><header class=\"entry-content-header\"><\/header><div class='iconlist_content '  itemprop=\"text\" ><p><strong>Comunicaci\u00f3n en caso de problemas t\u00e9cnicos:<\/strong> Te dar\u00e9 un medio de contacto alternativo, como un n\u00famero de tel\u00e9fono o un correo electr\u00f3nico, para que podamos comunicarnos en caso de problemas t\u00e9cnicos o dificultades de conexi\u00f3n durante la sesi\u00f3n.<\/p>\n<\/div><\/div><footer class=\"entry-footer\"><\/footer><\/article><div class=\"iconlist-timeline\"><\/div><\/li>\n<\/ul><\/div><\/div><div  class='flex_column av-22t7li-ce65de31d9d0f290eccd66f10548cb18 av_one_fifth  avia-builder-el-24  el_after_av_three_fifth  avia-builder-el-last  flex_column_div  column-top-margin'     ><\/div><\/p>\n","protected":false},"excerpt":{"rendered":"","protected":false},"author":1,"featured_media":4460,"parent":0,"menu_order":0,"comment_status":"closed","ping_status":"closed","template":"","meta":{"footnotes":""},"class_list":["post-4464","page","type-page","status-publish","has-post-thumbnail","hentry"],"_links":{"self":[{"href":"https:\/\/rosasolapsicologia.com\/ca\/wp-json\/wp\/v2\/pages\/4464","targetHints":{"allow":["GET"]}}],"collection":[{"href":"https:\/\/rosasolapsicologia.com\/ca\/wp-json\/wp\/v2\/pages"}],"about":[{"href":"https:\/\/rosasolapsicologia.com\/ca\/wp-json\/wp\/v2\/types\/page"}],"author":[{"embeddable":true,"href":"https:\/\/rosasolapsicologia.com\/ca\/wp-json\/wp\/v2\/users\/1"}],"replies":[{"embeddable":true,"href":"https:\/\/rosasolapsicologia.com\/ca\/wp-json\/wp\/v2\/comments?post=4464"}],"version-history":[{"count":4,"href":"https:\/\/rosasolapsicologia.com\/ca\/wp-json\/wp\/v2\/pages\/4464\/revisions"}],"predecessor-version":[{"id":4534,"href":"https:\/\/rosasolapsicologia.com\/ca\/wp-json\/wp\/v2\/pages\/4464\/revisions\/4534"}],"wp:featuredmedia":[{"embeddable":true,"href":"https:\/\/rosasolapsicologia.com\/ca\/wp-json\/wp\/v2\/media\/4460"}],"wp:attachment":[{"href":"https:\/\/rosasolapsicologia.com\/ca\/wp-json\/wp\/v2\/media?parent=4464"}],"curies":[{"name":"wp","href":"https:\/\/api.w.org\/{rel}","templated":true}]}}