{"id":4150,"date":"2022-01-07T19:44:59","date_gmt":"2022-01-07T17:44:59","guid":{"rendered":"https:\/\/rosasolapsicologia.com\/contacte\/"},"modified":"2024-01-19T18:55:30","modified_gmt":"2024-01-19T16:55:30","slug":"contacte","status":"publish","type":"page","link":"https:\/\/rosasolapsicologia.com\/ca\/contacte\/","title":{"rendered":"Contacte"},"content":{"rendered":"<div id='av_section_1'  class='avia-section av-2nxlnc-8ac14793f244e65dea857e2acb769c03 main_color avia-section-default avia-no-border-styling  avia-builder-el-0  el_before_av_section  avia-builder-el-first  avia-bg-style-scroll container_wrap fullsize'  ><div class='container av-section-cont-open' ><main  role=\"main\" itemprop=\"mainContentOfPage\"  class='template-page content  av-content-full alpha units'><div class='post-entry post-entry-type-page post-entry-4150'><div class='entry-content-wrapper clearfix'>\n<div  class='flex_column av-l5thko3e-06d6658e9013f5895b8d04bcf03f09f2 av_one_full  avia-builder-el-1  el_before_av_one_half  avia-builder-el-first  first flex_column_div av-animated-generic bottom-to-top  '     ><p>\n<style type=\"text\/css\" data-created_by=\"avia_inline_auto\" id=\"style-css-av-le7102o2-d5d88e8dbc029206be3b8ed14c34bc3e\">\n#top .av-special-heading.av-le7102o2-d5d88e8dbc029206be3b8ed14c34bc3e{\npadding-bottom:10px;\n}\nbody .av-special-heading.av-le7102o2-d5d88e8dbc029206be3b8ed14c34bc3e .av-special-heading-tag .heading-char{\nfont-size:25px;\n}\n.av-special-heading.av-le7102o2-d5d88e8dbc029206be3b8ed14c34bc3e .av-subheading{\nfont-size:15px;\n}\n<\/style>\n<div  class='av-special-heading av-le7102o2-d5d88e8dbc029206be3b8ed14c34bc3e av-special-heading-h1  avia-builder-el-2  el_before_av_hr  avia-builder-el-first '><h1 class='av-special-heading-tag'  itemprop=\"headline\"  >Contacte<\/h1><div class=\"special-heading-border\"><div class=\"special-heading-inner-border\"><\/div><\/div><\/div><br \/>\n\n<style type=\"text\/css\" data-created_by=\"avia_inline_auto\" id=\"style-css-av-2klxs0-8dee460a308cd7cffd9c0e00af0fd510\">\n#top .hr.hr-invisible.av-2klxs0-8dee460a308cd7cffd9c0e00af0fd510{\nheight:40px;\n}\n<\/style>\n<div  class='hr av-2klxs0-8dee460a308cd7cffd9c0e00af0fd510 hr-invisible  avia-builder-el-3  el_after_av_heading  el_before_av_textblock '><span class='hr-inner '><span class=\"hr-inner-style\"><\/span><\/span><\/div><br \/>\n<section  class='av_textblock_section av-l5mpbcq4-69ea0ad8db0f6600fa0222122bb81f9d '   itemscope=\"itemscope\" itemtype=\"https:\/\/schema.org\/CreativeWork\" ><div class='avia_textblock'  itemprop=\"text\" ><h3>Ter\u00e0pia psicol\u00f2gica \u00b7 Grups de suport<br \/>\nEstimulaci\u00f3 cognitiva<\/h3>\n<\/div><\/section><\/p><\/div><div  class='flex_column av-2e31rc-d505d40c9ea207c94c6c88711d43deb3 av_one_half  avia-builder-el-5  el_after_av_one_full  el_before_av_one_half  first flex_column_div av-animated-generic left-to-right  column-top-margin'     ><section  class='av_textblock_section av-l5mpcduf-f998b4402cb881aa0a44b2146c1175d3 '   itemscope=\"itemscope\" itemtype=\"https:\/\/schema.org\/CreativeWork\" ><div class='avia_textblock'  itemprop=\"text\" ><p>La teva edat et posa a prova? Ets cuidadora i et sents f\u00edsicament i emocionalment <strong>esgotada<\/strong>? Creus que necessites ajuda professional?<\/p>\n<p>Amb una breu conversa telef\u00f2nica podr\u00e9 saber qu\u00e8 busques i tu podr\u00e0s esbrinar si s\u00f3c la terapeuta que et pot ajudar; tamb\u00e9 pots contactar per correu electr\u00f2nic.<\/p>\n<\/div><\/section><\/div><div  class='flex_column av-26dmvk-932eb98ffc9a7023f72d0126e485a42c av_one_half  avia-builder-el-7  el_after_av_one_half  avia-builder-el-last  flex_column_div av-animated-generic right-to-left  column-top-margin'     ><article  class='iconbox iconbox_top av-l5mpdx4f-5d9aa949120092f451c80f7c8d57df73  avia-builder-el-8  avia-builder-el-no-sibling  main_color'  itemscope=\"itemscope\" itemtype=\"https:\/\/schema.org\/CreativeWork\" ><div class=\"iconbox_content\"><header class=\"entry-content-header\"><div class=\"iconbox_icon heading-color\" aria-hidden='true' data-av_icon='\ue81e' data-av_iconfont='entypo-fontello'><\/div><\/header><div class='iconbox_content_container '  itemprop=\"text\" ><p style=\"text-align: center;\">Telefona\u2019m avui: 639 247 557<\/p>\n<p style=\"text-align: center;\">Envia&#8217;m un email <a href=\"mailto:hola@rosasolapsicologia.es\">hola@rosasolapsicologia.es<\/a><\/p>\n<\/div><\/div><footer class=\"entry-footer\"><\/footer><\/article><\/div>\n\n<\/div><\/div><\/main><!-- close content main element --><\/div><\/div><div id='av_section_2'  class='avia-section av-20s6k8-f32bccba0e9909a1f919f3ccaf7b82ad alternate_color avia-section-default avia-no-border-styling  avia-builder-el-9  el_after_av_section  avia-builder-el-last  avia-bg-style-scroll container_wrap fullsize'  ><div class='container av-section-cont-open' ><div class='template-page content  av-content-full alpha units'><div class='post-entry post-entry-type-page post-entry-4150'><div class='entry-content-wrapper clearfix'>\n<div  class='flex_column av-av_one_full-a961ec8c42a44a397321d1a2224da3ca av_one_full  avia-builder-el-10  el_before_av_one_full  avia-builder-el-first  first flex_column_div  '     ><section  class='av_textblock_section av-lave1syq-4e24933e687be0ce3954733353b38aef '   itemscope=\"itemscope\" itemtype=\"https:\/\/schema.org\/CreativeWork\" ><div class='avia_textblock'  itemprop=\"text\" ><p><iframe loading=\"lazy\" style=\"border: 0;\" src=\"https:\/\/www.google.com\/maps\/embed?pb=!1m14!1m8!1m3!1d12245.642725336584!2d4.2736013!3d39.8874366!3m2!1i1024!2i768!4f13.1!3m3!1m2!1s0x129587d21f55309f%3A0x1622e83ba59d84b0!2sPsicologa%20Menorca%20-%20Rosa%20Sol%C3%A0!5e0!3m2!1sca!2ses!4v1705683196604!5m2!1sca!2ses\" width=\"1200\" height=\"300\" allowfullscreen=\"allowfullscreen\"><\/iframe><\/p>\n<\/div><\/section><\/div><div  class='flex_column av-1doyy8-e49bd54cab4ab670b3ec817bd7db2fdf av_one_full  avia-builder-el-12  el_after_av_one_full  el_before_av_one_half  first flex_column_div av-animated-generic bottom-to-top  column-top-margin'     ><div  class='avia-table av-19lwyw-723fe6a8b7dcfce431bfc246253e97eb main_color avia-pricing-table-container avia_pricing_default  avia-builder-el-13  avia-builder-el-no-sibling  avia-table-1'  itemscope=\"itemscope\" itemtype=\"https:\/\/schema.org\/Table\" ><div class=\"pricing-table-wrap\"><ul class='pricing-table avia-center-col'><li class='avia-heading-row'><div class='first-table-item'>Horari d&#8217;atenci\u00f3<\/div><span class='pricing-extra'><\/span><\/li><li class=''>De 11 a 19h de dilluns a dijous<br \/>\nDe 11 a 14h els divendres<\/li><\/ul><\/div><div class=\"pricing-table-wrap\"><ul class='pricing-table avia-center-col'><li class='avia-heading-row'><div class='first-table-item'>Consulta<\/div><span class='pricing-extra'><\/span><\/li><li class=''>Avinguda Fort de l\u2019Eau, 19<br \/>\nBaixos esquerra<br \/>\nMa\u00f3 &#8211; Menorca<\/li><\/ul><\/div><\/div><\/div><div  class='flex_column av-1koao-6fef5e182fb5a8de04f95a08821e5e0a av_one_half  avia-builder-el-14  el_after_av_one_full  el_before_av_one_half  first flex_column_div av-animated-generic left-to-right  column-top-margin'     ><style type=\"text\/css\" data-created_by=\"avia_inline_auto\" id=\"style-css-av-l5mpkanj-10c4aa826245c7afc876df32eba506f2\">\n#top .av_textblock_section.av-l5mpkanj-10c4aa826245c7afc876df32eba506f2 .avia_textblock{\nfont-size:16px;\n}\n\n@media only screen and (min-width: 768px) and (max-width: 989px){ \n#top .av_textblock_section.av-l5mpkanj-10c4aa826245c7afc876df32eba506f2 .avia_textblock{\nfont-size:16px;\n}\n}\n\n@media only screen and (min-width: 480px) and (max-width: 767px){ \n#top .av_textblock_section.av-l5mpkanj-10c4aa826245c7afc876df32eba506f2 .avia_textblock{\nfont-size:16px;\n}\n}\n\n@media only screen and (max-width: 479px){ \n#top .av_textblock_section.av-l5mpkanj-10c4aa826245c7afc876df32eba506f2 .avia_textblock{\nfont-size:16px;\n}\n}\n<\/style>\n<section  class='av_textblock_section av-l5mpkanj-10c4aa826245c7afc876df32eba506f2 '   itemscope=\"itemscope\" itemtype=\"https:\/\/schema.org\/CreativeWork\" ><div class='avia_textblock'  itemprop=\"text\" ><p><em>Responc a les trucades dins de l&#8217;horari d&#8217;atenci\u00f3 i dono resposta als correus electr\u00f2nics en 24-48h laborables.<\/em><\/p>\n<\/div><\/section><\/div><div  class='flex_column av-asqrs-a18554487d7c3d127b0595ea50dfe362 av_one_half  avia-builder-el-16  el_after_av_one_half  avia-builder-el-last  flex_column_div av-animated-generic right-to-left  column-top-margin'     ><style type=\"text\/css\" data-created_by=\"avia_inline_auto\" id=\"style-css-av-l5mpktmv-2b286aef7b982ce3f242c99809069332\">\n#top .av_textblock_section.av-l5mpktmv-2b286aef7b982ce3f242c99809069332 .avia_textblock{\nfont-size:16px;\n}\n\n@media only screen and (min-width: 768px) and (max-width: 989px){ \n#top .av_textblock_section.av-l5mpktmv-2b286aef7b982ce3f242c99809069332 .avia_textblock{\nfont-size:16px;\n}\n}\n\n@media only screen and (min-width: 480px) and (max-width: 767px){ \n#top .av_textblock_section.av-l5mpktmv-2b286aef7b982ce3f242c99809069332 .avia_textblock{\nfont-size:16px;\n}\n}\n\n@media only screen and (max-width: 479px){ \n#top .av_textblock_section.av-l5mpktmv-2b286aef7b982ce3f242c99809069332 .avia_textblock{\nfont-size:16px;\n}\n}\n<\/style>\n<section  class='av_textblock_section av-l5mpktmv-2b286aef7b982ce3f242c99809069332 '   itemscope=\"itemscope\" itemtype=\"https:\/\/schema.org\/CreativeWork\" ><div class='avia_textblock'  itemprop=\"text\" ><p><em>\u00c9s una zona de f\u00e0cil acc\u00e9s amb cotxe i no hi ha problemes per aparcar. <\/em><\/p>\n<p><em>La consulta \u00e9s a una planta baixa i l&#8217;acc\u00e9s \u00e9s apte per a persones amb mobilitat redu\u00efda o amb cadira de rodes.<\/em><\/p>\n<\/div><\/section><\/div>\n","protected":false},"excerpt":{"rendered":"","protected":false},"author":1,"featured_media":0,"parent":0,"menu_order":0,"comment_status":"closed","ping_status":"closed","template":"","meta":{"footnotes":""},"class_list":["post-4150","page","type-page","status-publish","hentry"],"_links":{"self":[{"href":"https:\/\/rosasolapsicologia.com\/ca\/wp-json\/wp\/v2\/pages\/4150","targetHints":{"allow":["GET"]}}],"collection":[{"href":"https:\/\/rosasolapsicologia.com\/ca\/wp-json\/wp\/v2\/pages"}],"about":[{"href":"https:\/\/rosasolapsicologia.com\/ca\/wp-json\/wp\/v2\/types\/page"}],"author":[{"embeddable":true,"href":"https:\/\/rosasolapsicologia.com\/ca\/wp-json\/wp\/v2\/users\/1"}],"replies":[{"embeddable":true,"href":"https:\/\/rosasolapsicologia.com\/ca\/wp-json\/wp\/v2\/comments?post=4150"}],"version-history":[{"count":29,"href":"https:\/\/rosasolapsicologia.com\/ca\/wp-json\/wp\/v2\/pages\/4150\/revisions"}],"predecessor-version":[{"id":4567,"href":"https:\/\/rosasolapsicologia.com\/ca\/wp-json\/wp\/v2\/pages\/4150\/revisions\/4567"}],"wp:attachment":[{"href":"https:\/\/rosasolapsicologia.com\/ca\/wp-json\/wp\/v2\/media?parent=4150"}],"curies":[{"name":"wp","href":"https:\/\/api.w.org\/{rel}","templated":true}]}}