{"id":4142,"date":"2022-01-07T19:44:46","date_gmt":"2022-01-07T17:44:46","guid":{"rendered":"https:\/\/rosasolapsicologia.com\/blog\/"},"modified":"2024-01-19T19:34:14","modified_gmt":"2024-01-19T17:34:14","slug":"blog","status":"publish","type":"page","link":"https:\/\/rosasolapsicologia.com\/ca\/blog\/","title":{"rendered":"Blog"},"content":{"rendered":"<div  class='flex_column av-9k3im-1ed68e7b0aff4804e438d3169445e25e av_one_full  avia-builder-el-0  avia-builder-el-no-sibling  first flex_column_div av-animated-generic bottom-to-top  '     ><div  data-slideshow-options=\"{&quot;animation&quot;:&quot;fade&quot;,&quot;autoplay&quot;:false,&quot;loop_autoplay&quot;:&quot;once&quot;,&quot;interval&quot;:5,&quot;loop_manual&quot;:&quot;manual-endless&quot;,&quot;autoplay_stopper&quot;:false,&quot;noNavigation&quot;:false,&quot;show_slide_delay&quot;:90}\" class='avia-content-slider avia-content-grid-active avia-content-slider1 avia-content-slider-odd  avia-builder-el-1  avia-builder-el-no-sibling  av-slideshow-ui av-control-default   av-no-slider-navigation av-slideshow-manual av-loop-once av-loop-manual-endless '  itemscope=\"itemscope\" itemtype=\"https:\/\/schema.org\/Blog\" ><div class=\"avia-content-slider-inner\"><div class=\"slide-entry-wrap\"><article class='slide-entry flex_column  post-entry post-entry-4544 slide-entry-overview slide-loop-1 slide-parity-odd  av_fullwidth first real-thumbnail posttype-post post-format-standard'  itemscope=\"itemscope\" itemtype=\"https:\/\/schema.org\/CreativeWork\" ><a href='https:\/\/rosasolapsicologia.com\/ca\/com-preparar-se-per-a-la-jubilacio-claus-psicologiques\/' data-rel='slide-1' class='slide-image' title='Com preparar-se per a la jubilaci\u00f3: claus psicol\u00f2giques'><img decoding=\"async\" fetchpriority=\"high\" width=\"710\" height=\"270\" src=\"https:\/\/rosasolapsicologia.com\/wp-content\/uploads\/2023\/11\/jubilacio.jpg\" class=\"wp-image-4588 avia-img-lazy-loading-not-4588 attachment-large size-large wp-post-image\" alt=\"Prepararse para la jubilacion\" srcset=\"https:\/\/rosasolapsicologia.com\/wp-content\/uploads\/2023\/11\/jubilacio.jpg 710w, https:\/\/rosasolapsicologia.com\/wp-content\/uploads\/2023\/11\/jubilacio-300x114.jpg 300w, https:\/\/rosasolapsicologia.com\/wp-content\/uploads\/2023\/11\/jubilacio-705x268.jpg 705w\" sizes=\"(max-width: 710px) 100vw, 710px\" \/><\/a><div class=\"slide-content\"><header class=\"entry-content-header\"><h3 class='slide-entry-title entry-title '  itemprop=\"headline\" ><a href='https:\/\/rosasolapsicologia.com\/ca\/com-preparar-se-per-a-la-jubilacio-claus-psicologiques\/' title='Com preparar-se per a la jubilaci\u00f3: claus psicol\u00f2giques'>Com preparar-se per a la jubilaci\u00f3: claus psicol\u00f2giques<\/a><\/h3><span class=\"av-vertical-delimiter\"><\/span><\/header><div class=\"slide-meta\"><time class='slide-meta-time updated'  itemprop=\"datePublished\" datetime=\"2023-11-24T17:31:08+02:00\" >24 de novembre de 2023<\/time><div class=\"slide-meta-del\">\/<\/div><div class=\"slide-meta-comments\"><a href='https:\/\/rosasolapsicologia.com\/ca\/com-preparar-se-per-a-la-jubilacio-claus-psicologiques\/#respond'>0 Comments<\/a><\/div><\/div><div class='slide-entry-excerpt entry-content'  itemprop=\"text\" >La generaci\u00f3 del baby boom est\u00e0 arribant a la jubilaci\u00f3. Com\u2026<\/div><\/div><footer class=\"entry-footer\"><\/footer><span class='hidden'>\n\t\t\t\t<span class='av-structured-data'  itemprop=\"image\" itemscope=\"itemscope\" itemtype=\"https:\/\/schema.org\/ImageObject\" >\n\t\t\t\t\t\t<span itemprop='url'>https:\/\/rosasolapsicologia.com\/wp-content\/uploads\/2023\/11\/jubilacio.jpg<\/span>\n\t\t\t\t\t\t<span itemprop='height'>270<\/span>\n\t\t\t\t\t\t<span itemprop='width'>710<\/span>\n\t\t\t\t<\/span>\n\t\t\t\t<span class='av-structured-data'  itemprop=\"publisher\" itemtype=\"https:\/\/schema.org\/Organization\" itemscope=\"itemscope\" >\n\t\t\t\t\t\t<span itemprop='name'>Rosa Sol\u00e0<\/span>\n\t\t\t\t\t\t<span itemprop='logo' itemscope itemtype='https:\/\/schema.org\/ImageObject'>\n\t\t\t\t\t\t\t<span itemprop='url'>https:\/\/rosasolapsicologia.com\/wp-content\/uploads\/2022\/07\/logo_rosa_ok-1.svg<\/span>\n\t\t\t\t\t\t<\/span>\n\t\t\t\t<\/span><span class='av-structured-data'  itemprop=\"author\" itemscope=\"itemscope\" itemtype=\"https:\/\/schema.org\/Person\" ><span itemprop='name'>Rosa Sol\u00e0<\/span><\/span><span class='av-structured-data'  itemprop=\"datePublished\" datetime=\"2022-01-07T19:44:46+02:00\" >2023-11-24 17:31:08<\/span><span class='av-structured-data'  itemprop=\"dateModified\" itemtype=\"https:\/\/schema.org\/dateModified\" >2024-01-22 18:58:23<\/span><span class='av-structured-data'  itemprop=\"mainEntityOfPage\" itemtype=\"https:\/\/schema.org\/mainEntityOfPage\" ><span itemprop='name'>Com preparar-se per a la jubilaci\u00f3: claus psicol\u00f2giques<\/span><\/span><\/span><\/article><\/div><div class=\"slide-entry-wrap\"><article class='slide-entry flex_column  post-entry post-entry-4408 slide-entry-overview slide-loop-2 slide-parity-odd  av_fullwidth first real-thumbnail posttype-post post-format-standard'  itemscope=\"itemscope\" itemtype=\"https:\/\/schema.org\/CreativeWork\" ><a href='https:\/\/rosasolapsicologia.com\/ca\/edatisme\/' data-rel='slide-1' class='slide-image' title='EDATISME'><img decoding=\"async\" fetchpriority=\"high\" width=\"710\" height=\"270\" src=\"https:\/\/rosasolapsicologia.com\/wp-content\/uploads\/2023\/05\/edatisme.jpg\" class=\"wp-image-4584 avia-img-lazy-loading-not-4584 attachment-large size-large wp-post-image\" alt=\"EDATISME\" srcset=\"https:\/\/rosasolapsicologia.com\/wp-content\/uploads\/2023\/05\/edatisme.jpg 710w, https:\/\/rosasolapsicologia.com\/wp-content\/uploads\/2023\/05\/edatisme-300x114.jpg 300w, https:\/\/rosasolapsicologia.com\/wp-content\/uploads\/2023\/05\/edatisme-705x268.jpg 705w\" sizes=\"(max-width: 710px) 100vw, 710px\" \/><\/a><div class=\"slide-content\"><header class=\"entry-content-header\"><h3 class='slide-entry-title entry-title '  itemprop=\"headline\" ><a href='https:\/\/rosasolapsicologia.com\/ca\/edatisme\/' title='EDATISME'>EDATISME<\/a><\/h3><span class=\"av-vertical-delimiter\"><\/span><\/header><div class=\"slide-meta\"><time class='slide-meta-time updated'  itemprop=\"datePublished\" datetime=\"2023-05-19T12:49:07+02:00\" >19 de maig de 2023<\/time><div class=\"slide-meta-del\">\/<\/div><div class=\"slide-meta-comments\"><a href='https:\/\/rosasolapsicologia.com\/ca\/edatisme\/#respond'>0 Comments<\/a><\/div><\/div><div class='slide-entry-excerpt entry-content'  itemprop=\"text\" >L'edatisme \u00e9s la tercera causa de discriminaci\u00f3 al m\u00f3n. Aquesta\u2026<\/div><\/div><footer class=\"entry-footer\"><\/footer><span class='hidden'>\n\t\t\t\t<span class='av-structured-data'  itemprop=\"image\" itemscope=\"itemscope\" itemtype=\"https:\/\/schema.org\/ImageObject\" >\n\t\t\t\t\t\t<span itemprop='url'>https:\/\/rosasolapsicologia.com\/wp-content\/uploads\/2023\/05\/edatisme.jpg<\/span>\n\t\t\t\t\t\t<span itemprop='height'>270<\/span>\n\t\t\t\t\t\t<span itemprop='width'>710<\/span>\n\t\t\t\t<\/span>\n\t\t\t\t<span class='av-structured-data'  itemprop=\"publisher\" itemtype=\"https:\/\/schema.org\/Organization\" itemscope=\"itemscope\" >\n\t\t\t\t\t\t<span itemprop='name'>Rosa Sol\u00e0<\/span>\n\t\t\t\t\t\t<span itemprop='logo' itemscope itemtype='https:\/\/schema.org\/ImageObject'>\n\t\t\t\t\t\t\t<span itemprop='url'>https:\/\/rosasolapsicologia.com\/wp-content\/uploads\/2022\/07\/logo_rosa_ok-1.svg<\/span>\n\t\t\t\t\t\t<\/span>\n\t\t\t\t<\/span><span class='av-structured-data'  itemprop=\"author\" itemscope=\"itemscope\" itemtype=\"https:\/\/schema.org\/Person\" ><span itemprop='name'>Rosa Sol\u00e0<\/span><\/span><span class='av-structured-data'  itemprop=\"datePublished\" datetime=\"2022-01-07T19:44:46+02:00\" >2023-05-19 12:49:07<\/span><span class='av-structured-data'  itemprop=\"dateModified\" itemtype=\"https:\/\/schema.org\/dateModified\" >2024-01-19 20:40:53<\/span><span class='av-structured-data'  itemprop=\"mainEntityOfPage\" itemtype=\"https:\/\/schema.org\/mainEntityOfPage\" ><span itemprop='name'>EDATISME<\/span><\/span><\/span><\/article><\/div><div class=\"slide-entry-wrap\"><article class='slide-entry flex_column  post-entry post-entry-4200 slide-entry-overview slide-loop-3 slide-parity-odd  post-entry-last  av_fullwidth first real-thumbnail posttype-post post-format-standard'  itemscope=\"itemscope\" itemtype=\"https:\/\/schema.org\/CreativeWork\" ><a href='https:\/\/rosasolapsicologia.com\/ca\/sindrome-del-cuidador-cremat\/' data-rel='slide-1' class='slide-image' title='S\u00cdNDROME DEL CUIDADOR CREMAT'><img decoding=\"async\" fetchpriority=\"high\" width=\"710\" height=\"270\" src=\"https:\/\/rosasolapsicologia.com\/wp-content\/uploads\/2022\/01\/cuidador.jpg\" class=\"wp-image-4580 avia-img-lazy-loading-not-4580 attachment-large size-large wp-post-image\" alt=\"S\u00cdNDROME DEL CUIDADOR CREMAT\" srcset=\"https:\/\/rosasolapsicologia.com\/wp-content\/uploads\/2022\/01\/cuidador.jpg 710w, https:\/\/rosasolapsicologia.com\/wp-content\/uploads\/2022\/01\/cuidador-300x114.jpg 300w, https:\/\/rosasolapsicologia.com\/wp-content\/uploads\/2022\/01\/cuidador-705x268.jpg 705w\" sizes=\"(max-width: 710px) 100vw, 710px\" \/><\/a><div class=\"slide-content\"><header class=\"entry-content-header\"><h3 class='slide-entry-title entry-title '  itemprop=\"headline\" ><a href='https:\/\/rosasolapsicologia.com\/ca\/sindrome-del-cuidador-cremat\/' title='S\u00cdNDROME DEL CUIDADOR CREMAT'>S\u00cdNDROME DEL CUIDADOR CREMAT<\/a><\/h3><span class=\"av-vertical-delimiter\"><\/span><\/header><div class=\"slide-meta\"><time class='slide-meta-time updated'  itemprop=\"datePublished\" datetime=\"2022-01-07T18:46:08+02:00\" >7 de gener de 2022<\/time><div class=\"slide-meta-del\">\/<\/div><div class=\"slide-meta-comments\"><a href='https:\/\/rosasolapsicologia.com\/ca\/sindrome-del-cuidador-cremat\/#respond'>0 Comments<\/a><\/div><\/div><div class='slide-entry-excerpt entry-content'  itemprop=\"text\" >La s\u00edndrome del cuidador cremat es produieix quan una persona\u2026<\/div><\/div><footer class=\"entry-footer\"><\/footer><span class='hidden'>\n\t\t\t\t<span class='av-structured-data'  itemprop=\"image\" itemscope=\"itemscope\" itemtype=\"https:\/\/schema.org\/ImageObject\" >\n\t\t\t\t\t\t<span itemprop='url'>https:\/\/rosasolapsicologia.com\/wp-content\/uploads\/2022\/01\/cuidador.jpg<\/span>\n\t\t\t\t\t\t<span itemprop='height'>270<\/span>\n\t\t\t\t\t\t<span itemprop='width'>710<\/span>\n\t\t\t\t<\/span>\n\t\t\t\t<span class='av-structured-data'  itemprop=\"publisher\" itemtype=\"https:\/\/schema.org\/Organization\" itemscope=\"itemscope\" >\n\t\t\t\t\t\t<span itemprop='name'>Rosa Sol\u00e0<\/span>\n\t\t\t\t\t\t<span itemprop='logo' itemscope itemtype='https:\/\/schema.org\/ImageObject'>\n\t\t\t\t\t\t\t<span itemprop='url'>https:\/\/rosasolapsicologia.com\/wp-content\/uploads\/2022\/07\/logo_rosa_ok-1.svg<\/span>\n\t\t\t\t\t\t<\/span>\n\t\t\t\t<\/span><span class='av-structured-data'  itemprop=\"author\" itemscope=\"itemscope\" itemtype=\"https:\/\/schema.org\/Person\" ><span itemprop='name'>Rosa Sol\u00e0<\/span><\/span><span class='av-structured-data'  itemprop=\"datePublished\" datetime=\"2022-01-07T19:44:46+02:00\" >2022-01-07 18:46:08<\/span><span class='av-structured-data'  itemprop=\"dateModified\" itemtype=\"https:\/\/schema.org\/dateModified\" >2024-01-19 20:42:49<\/span><span class='av-structured-data'  itemprop=\"mainEntityOfPage\" itemtype=\"https:\/\/schema.org\/mainEntityOfPage\" ><span itemprop='name'>S\u00cdNDROME DEL CUIDADOR CREMAT<\/span><\/span><\/span><\/article><\/div><\/div><\/div><\/div>\n","protected":false},"excerpt":{"rendered":"","protected":false},"author":1,"featured_media":0,"parent":0,"menu_order":0,"comment_status":"closed","ping_status":"closed","template":"","meta":{"footnotes":""},"class_list":["post-4142","page","type-page","status-publish","hentry"],"_links":{"self":[{"href":"https:\/\/rosasolapsicologia.com\/ca\/wp-json\/wp\/v2\/pages\/4142","targetHints":{"allow":["GET"]}}],"collection":[{"href":"https:\/\/rosasolapsicologia.com\/ca\/wp-json\/wp\/v2\/pages"}],"about":[{"href":"https:\/\/rosasolapsicologia.com\/ca\/wp-json\/wp\/v2\/types\/page"}],"author":[{"embeddable":true,"href":"https:\/\/rosasolapsicologia.com\/ca\/wp-json\/wp\/v2\/users\/1"}],"replies":[{"embeddable":true,"href":"https:\/\/rosasolapsicologia.com\/ca\/wp-json\/wp\/v2\/comments?post=4142"}],"version-history":[{"count":5,"href":"https:\/\/rosasolapsicologia.com\/ca\/wp-json\/wp\/v2\/pages\/4142\/revisions"}],"predecessor-version":[{"id":4592,"href":"https:\/\/rosasolapsicologia.com\/ca\/wp-json\/wp\/v2\/pages\/4142\/revisions\/4592"}],"wp:attachment":[{"href":"https:\/\/rosasolapsicologia.com\/ca\/wp-json\/wp\/v2\/media?parent=4142"}],"curies":[{"name":"wp","href":"https:\/\/api.w.org\/{rel}","templated":true}]}}